{"id":1437,"date":"2024-07-27T15:17:20","date_gmt":"2024-07-27T08:17:20","guid":{"rendered":"https:\/\/truongmanh.com\/?page_id=1437"},"modified":"2024-10-24T23:06:16","modified_gmt":"2024-10-24T16:06:16","slug":"onshore-offshore-service","status":"publish","type":"page","link":"https:\/\/truongmanh.com\/vi\/onshore-offshore-service\/","title":{"rendered":"D\u1ecbch v\u1ee5 \u1ee7y quy\u1ec1n"},"content":{"rendered":"","protected":false},"excerpt":{"rendered":"<p>Ch\u00fang t\u00f4i \u0111\u1ea3m b\u1ea3o ch\u1ee9c n\u0103ng v\u00e0 hi\u1ec7u su\u1ea5t c\u1ee7a h\u1ec7 th\u1ed1ng th\u00f4ng qua qu\u00e1 tr\u00ecnh th\u1eed nghi\u1ec7m, x\u00e1c th\u1ef1c v\u00e0 tu\u00e2n th\u1ee7 k\u1ef9 l\u01b0\u1ee1ng.<\/p>","protected":false},"author":2,"featured_media":3483,"parent":0,"menu_order":0,"comment_status":"closed","ping_status":"closed","template":"","meta":{"_acf_changed":false,"footnotes":""},"class_list":["post-1437","page","type-page","status-publish","has-post-thumbnail","hentry"],"acf":[],"_links":{"self":[{"href":"https:\/\/truongmanh.com\/vi\/wp-json\/wp\/v2\/pages\/1437","targetHints":{"allow":["GET"]}}],"collection":[{"href":"https:\/\/truongmanh.com\/vi\/wp-json\/wp\/v2\/pages"}],"about":[{"href":"https:\/\/truongmanh.com\/vi\/wp-json\/wp\/v2\/types\/page"}],"author":[{"embeddable":true,"href":"https:\/\/truongmanh.com\/vi\/wp-json\/wp\/v2\/users\/2"}],"replies":[{"embeddable":true,"href":"https:\/\/truongmanh.com\/vi\/wp-json\/wp\/v2\/comments?post=1437"}],"version-history":[{"count":7,"href":"https:\/\/truongmanh.com\/vi\/wp-json\/wp\/v2\/pages\/1437\/revisions"}],"predecessor-version":[{"id":3702,"href":"https:\/\/truongmanh.com\/vi\/wp-json\/wp\/v2\/pages\/1437\/revisions\/3702"}],"wp:featuredmedia":[{"embeddable":true,"href":"https:\/\/truongmanh.com\/vi\/wp-json\/wp\/v2\/media\/3483"}],"wp:attachment":[{"href":"https:\/\/truongmanh.com\/vi\/wp-json\/wp\/v2\/media?parent=1437"}],"curies":[{"name":"wp","href":"https:\/\/api.w.org\/{rel}","templated":true}]}}