{"id":855,"date":"2024-07-11T15:19:12","date_gmt":"2024-07-11T08:19:12","guid":{"rendered":"https:\/\/truongmanh.com\/?page_id=855"},"modified":"2024-10-04T10:53:50","modified_gmt":"2024-10-04T03:53:50","slug":"construction","status":"publish","type":"page","link":"https:\/\/truongmanh.com\/vi\/construction\/","title":{"rendered":"Thi c\u00f4ng"},"content":{"rendered":"","protected":false},"excerpt":{"rendered":"<p>C\u00e1c k\u1ef9 s\u01b0 h\u1ec7 th\u1ed1ng \u0111i\u1ec1u khi\u1ec3n c\u1ee7a ch\u00fang t\u00f4i chuy\u00ean v\u1ec1 h\u1ec7 th\u1ed1ng an to\u00e0n v\u00e0 \u0111i\u1ec1u khi\u1ec3n quy tr\u00ecnh li\u00ean t\u1ee5c v\u00e0 c\u00f3 th\u1ec3 cung c\u1ea5p m\u1ecdi lo\u1ea1i b\u1ea3ng \u0111i\u1ec1u khi\u1ec3n v\u1eadn h\u00e0nh \u0111\u01b0\u1ee3c thi\u1ebft k\u1ebf ri\u00eang.<\/p>","protected":false},"author":2,"featured_media":1851,"parent":0,"menu_order":0,"comment_status":"closed","ping_status":"closed","template":"","meta":{"_acf_changed":false,"footnotes":""},"class_list":["post-855","page","type-page","status-publish","has-post-thumbnail","hentry"],"acf":[],"_links":{"self":[{"href":"https:\/\/truongmanh.com\/vi\/wp-json\/wp\/v2\/pages\/855","targetHints":{"allow":["GET"]}}],"collection":[{"href":"https:\/\/truongmanh.com\/vi\/wp-json\/wp\/v2\/pages"}],"about":[{"href":"https:\/\/truongmanh.com\/vi\/wp-json\/wp\/v2\/types\/page"}],"author":[{"embeddable":true,"href":"https:\/\/truongmanh.com\/vi\/wp-json\/wp\/v2\/users\/2"}],"replies":[{"embeddable":true,"href":"https:\/\/truongmanh.com\/vi\/wp-json\/wp\/v2\/comments?post=855"}],"version-history":[{"count":6,"href":"https:\/\/truongmanh.com\/vi\/wp-json\/wp\/v2\/pages\/855\/revisions"}],"predecessor-version":[{"id":3181,"href":"https:\/\/truongmanh.com\/vi\/wp-json\/wp\/v2\/pages\/855\/revisions\/3181"}],"wp:featuredmedia":[{"embeddable":true,"href":"https:\/\/truongmanh.com\/vi\/wp-json\/wp\/v2\/media\/1851"}],"wp:attachment":[{"href":"https:\/\/truongmanh.com\/vi\/wp-json\/wp\/v2\/media?parent=855"}],"curies":[{"name":"wp","href":"https:\/\/api.w.org\/{rel}","templated":true}]}}